{"id":2618,"date":"2023-03-10T15:00:45","date_gmt":"2023-03-10T14:00:45","guid":{"rendered":"https:\/\/www.fkmsm.ch\/labo\/wordpress\/?page_id=2618"},"modified":"2023-03-10T15:07:09","modified_gmt":"2023-03-10T14:07:09","slug":"vondrona-groupes","status":"publish","type":"page","link":"https:\/\/www.fkmsm.ch\/labo\/wordpress\/vondrona-groupes","title":{"rendered":"Vondrona \/ Groupes"},"content":{"rendered":"\n<p><strong>Comment puis-je servir dans l&#8217;\u00c9glise ?<\/strong><\/p>\n\n\n\n<p>Nous sommes tous appel\u00e9s \u00e0 exercer ou \u00e0 accomplir un minist\u00e8re.<\/p>\n\n\n\n<p>Nous devons nous souvenir que pour servir les autres, il faut d&#8217;abord les aimer :<\/p>\n\n\n\n<p>Soyez par amour serviteurs les uns des autres. (Galates 5.13)<\/p>\n\n\n\n<p>La performance sans amour est vaine. (1 Corinthiens 13.1-3).<\/p>\n\n\n\n<p>Servons Dieu et les autres avec un esprit d&#8217;humilit\u00e9 et d&#8217;amour fraternel (Philippiens 2.1-4).<\/p>\n\n\n\n<p><strong>Nous sommes tous appel\u00e9s \u00e0 exercer ou \u00e0 accomplir un minist\u00e8re.<\/strong><\/p>\n\n\n\n<p>Vondrona | Groupes<\/p>\n\n\n\n<p>&#8220;Mazotoa, fa aza malaina, ary aoka hafana fo amin&#8217;ny fanompoana ny Tompo.&#8221; Romana 12:11<br>&#8220;Ayez du z\u00e8le, et non de la paresse. Soyez fervents d&#8217;esprit. Servez le Seigneur.&#8221; Romains 12,11<\/p>\n\n\n\n<figure class=\"wp-block-table\"><table><tbody><tr><td>HIra sy Mozika<\/td><td>Liva T.<\/td><td>mozika@fkmsm.ch<\/td><\/tr><tr><td>Vakiteny<\/td><td>Lova M.<\/td><td>vakiteny@fkmsm.ch<\/td><\/tr><tr><td>Vavaka<\/td><td>Ravaka E.<\/td><td>vavaka@fkmsm.ch<\/td><\/tr><tr><td>Teknika\/projection<\/td><td>Toky R.<\/td><td>projection@fkmsm.ch<\/td><\/tr><tr><td>Ankizy<\/td><td>Felana R.<\/td><td>ankizy@fkmsm.ch<\/td><\/tr><tr><td>Teknika\/Fanamafisam-peo<\/td><td>Toky R.<\/td><td>sono@fkmsm.ch<\/td><\/tr><tr><td>Kojakoja<\/td><td>Lova M. sy Ravaka E.<\/td><td>kojakoja@fkmsm.ch<\/td><\/tr><tr><td>Traduction<\/td><td>&#8211;<\/td><td>traduction@fkmsm.ch<\/td><\/tr><\/tbody><\/table><\/figure>\n","protected":false},"excerpt":{"rendered":"<p>Comment puis-je servir dans l&#8217;\u00c9glise ? Nous sommes tous appel\u00e9s \u00e0 exercer ou \u00e0 accomplir un minist\u00e8re. Nous devons nous souvenir que pour servir les autres, il faut d&#8217;abord les aimer : Soyez par amour serviteurs les uns des autres. (Galates 5.13) La performance sans amour est vaine. (1 Corinthiens 13.1-3). Servons Dieu et les [&hellip;]<\/p>\n","protected":false},"author":2,"featured_media":0,"parent":0,"menu_order":0,"comment_status":"closed","ping_status":"closed","template":"","meta":{"footnotes":""},"class_list":["post-2618","page","type-page","status-publish","hentry","ctfw-no-image"],"_links":{"self":[{"href":"https:\/\/www.fkmsm.ch\/labo\/wordpress\/wp-json\/wp\/v2\/pages\/2618","targetHints":{"allow":["GET"]}}],"collection":[{"href":"https:\/\/www.fkmsm.ch\/labo\/wordpress\/wp-json\/wp\/v2\/pages"}],"about":[{"href":"https:\/\/www.fkmsm.ch\/labo\/wordpress\/wp-json\/wp\/v2\/types\/page"}],"author":[{"embeddable":true,"href":"https:\/\/www.fkmsm.ch\/labo\/wordpress\/wp-json\/wp\/v2\/users\/2"}],"replies":[{"embeddable":true,"href":"https:\/\/www.fkmsm.ch\/labo\/wordpress\/wp-json\/wp\/v2\/comments?post=2618"}],"version-history":[{"count":2,"href":"https:\/\/www.fkmsm.ch\/labo\/wordpress\/wp-json\/wp\/v2\/pages\/2618\/revisions"}],"predecessor-version":[{"id":2622,"href":"https:\/\/www.fkmsm.ch\/labo\/wordpress\/wp-json\/wp\/v2\/pages\/2618\/revisions\/2622"}],"wp:attachment":[{"href":"https:\/\/www.fkmsm.ch\/labo\/wordpress\/wp-json\/wp\/v2\/media?parent=2618"}],"curies":[{"name":"wp","href":"https:\/\/api.w.org\/{rel}","templated":true}]}}