{"id":1129,"date":"2014-03-08T12:11:46","date_gmt":"2014-03-08T11:11:46","guid":{"rendered":"http:\/\/www.fkmsm.ch\/labo\/wordpress\/?page_id=1129"},"modified":"2022-01-30T14:50:01","modified_gmt":"2022-01-30T13:50:01","slug":"notre-histoire","status":"publish","type":"page","link":"https:\/\/www.fkmsm.ch\/labo\/wordpress\/la-fkmsm\/notre-histoire","title":{"rendered":"Notre histoire"},"content":{"rendered":"<p>Lorsqu&#8217;on m&#8217;a demand\u00e9 de r\u00e9sumer l&#8217;histoire de cette \u00e9glise, j&#8217;\u00e9tais confront\u00e9 aux probl\u00e8mes classiques des historiens : \u00e0 savoir les archives. Les documents concernant l&#8217;\u00e9glise sont\u00a0 vraiment rares et de plus les personnes qui ont fond\u00e9 l&#8217;\u00e9glise ont presque tous quitt\u00e9 la Suisse. Etant moi-m\u00eame t\u00e9moin des d\u00e9buts de l&#8217;ECMSE, voici son historique, \u00e0 l&#8217;aide des documents que j&#8217;ai pu trouver ici et l\u00e0.<\/p>\n<p>D&#8217;abord je tiens \u00e0 pr\u00e9ciser qu&#8217;il existe d&#8217;autres personnes plus inform\u00e9es que moi sur le sujet et ce sont elles qui auraient d\u00fb prendre la plume \u00e0 ma place. Je leur adresse\u00a0 mes sinc\u00e8res excuses au cas ou des erreurs ce sont gliss\u00e9es dans mon texte et je les remercie d&#8217;avance de compl\u00e9ter mes \u00e9ventuelles lacunes.<\/p>\n<p><strong>R\u00e9unions en priv\u00e9<\/strong><br \/>\nC&#8217;est depuis longtemps que les Malgaches de Suisse souhaitaient c\u00e9l\u00e9brer un culte par des chants et des pri\u00e8res selon les habitudes et dans la langue du pays. En 1985, apr\u00e8s l&#8217;arriv\u00e9e \u00e0 Gen\u00e8ve d&#8217;un serviteur de Dieu dans le cadre de sa profession, ces derniers n&#8217;h\u00e9sit\u00e8rent pas \u00e0 lui exprimer leur d\u00e9sir. Quelques familles de Gen\u00e8ve se r\u00e9unirent alors pour un culte au domicile de l&#8217;une d&#8217;elle. Tr\u00e8s rapidement d&#8217;autres compatriotes des r\u00e9gions voisines eurent des \u00e9chos de ces r\u00e9unions. Mais en d\u00e9pit de leur d\u00e9sir ardent de participer \u00e0 un culte en commun, pour plusieurs raisons, exigu\u00eft\u00e9 de la salle de r\u00e9union, \u00e9loignement g\u00e9ographique, ce ne fut pas possible. Le groupe continua donc leur r\u00e9union en petite comit\u00e9.<\/p>\n<p><strong>Le premier culte<\/strong><br \/>\nVers la fin du mois de novembre 1985, le culte a eu lieu pour la premi\u00e8re fois \u00e0 la paroisse de Servette \u00e0 Gen\u00e8ve. Le pasteur No\u00ebl Rabemanantsoa d\u00e9buta\u00a0 par des paroles d&#8217;encouragement. &#8220;Nous ne sommes pas seuls et abandonn\u00e9s en terre \u00e9trang\u00e8re \u201d, dit-il, &#8220;parce que si chacun de nous croie sinc\u00e8rement que c&#8217;est Dieu qui dirrige notre vie, que c&#8217;est Lui qui nous a demand\u00e9 d&#8217;aller au-del\u00e0 des mers, alors Il est aussi avec nous pour mener \u00e0 bien les t\u00e2ches et les responsabilit\u00e9s que chacun de nous doit assumer. Bien s\u00fbr, il y a des moments le d\u00e9couragement survient. Que la famille soit l\u00e0 ou non, ces moments difficiles existent. Mais ce n&#8217;est pas la famille, ni les amis, ni la patrie qui est notre force, c&#8217;est Dieu&#8221;. Apr\u00e8s cette grande premi\u00e8re, toute la communaut\u00e9 malgache fut d&#8217;accord de c\u00e9l\u00e8brer No\u00ebl ensemble.<\/p>\n<p><strong>Le premier No\u00ebl<\/strong><br \/>\nLe dimanche 19 d\u00e9cembre 1985, \u00e0 la paroisse de Servette, eut donc lieu le premier No\u00ebl c\u00e9l\u00e9br\u00e9 par les Malgaches de Suisse et de la France voisine. Tous avou\u00e8rent, avoir re\u00e7u encouragement et r\u00e9confort, aussi bien les chr\u00e9tiens que les amis de passage. On d\u00e9cida donc de renouveller l&#8217;exp\u00e9rience et d&#8217;inclure un apr\u00e8s culte pour se d\u00e9salt\u00e9rer, pour mieux se conna\u00eetre et pour partager les nouvelles du pays.<\/p>\n<p>D&#8217;un commun accord, il fut aussi d\u00e9cid\u00e9 de se r\u00e9unir tous les premiers dimanches du mois, l&#8217;apr\u00e8s-midi pour ne pas entrer en conflit avec ceux qui vont assister au culte de leur quartier, le dimanche matin.<\/p>\n<p><strong>L&#8217;\u00e9glise<\/strong><br \/>\nD\u00e8s ses d\u00e9buts, les r\u00e9unions n&#8217;eurent d&#8217;autre nom que l&#8217;Eglise malgache. Rapidement on y ajouta le nom du pays h\u00f4te : Eglise Malgache de Suisse. Mais en r\u00e9alit\u00e9 \u00e0 cause de la situation particuli\u00e8re de Gen\u00e8ve, beaucoup de participants viennent de la France voisine, et l&#8217;appelation n&#8217;\u00e9tait pas bien choisie. De plus, chacun a gard\u00e9 sa confession d&#8217;origine.<\/p>\n<p>L&#8217;Eglise Chr\u00e9tienne Malgache en Suisse et Environs est oecum\u00e9nique. Elle est ouverte \u00e0 tous ceux qui croient en J\u00e9sus Christ. Elle respecte la confession de chacun et leur habitude : que ce soit dans les chants, les pri\u00e8res ou d&#8217;autres aspects cultuels. Si au cours du culte, quelque chose ne correspond pas aux habitudes d&#8217;une personne, elle est totalement libre d&#8217;y participer ou pas.<\/p>\n<p><strong>Les lieux de culte<\/strong><br \/>\nLe pasteur Marcel Henriet qui dirigeait la paroisse d&#8217;Acacia \u00e0 Gen\u00e8ve depuis mars 1986 invita l&#8217;ECMSE \u00e0 c\u00e9l\u00e9brer son culte dans sa paroisse. On ne quitta cet endroit qu&#8217;occasionnellement, comme \u00e0 No\u00ebl o\u00f9 il fallait une plus grande salle (paroisse de Servette, paroisse de la Roseraie ou Foyer St-Justin). D\u00e8s le mois d&#8217;avril 1993, au moment o\u00f9 le pasteur prit sa retraite et fermant du m\u00eame coup sa paroisse, le culte fut transf\u00e9r\u00e9 \u00e0 la paroisse de Servette qui est aujourd&#8217;hui encore le lieu de culte \u00e0 Gen\u00e8ve. Pour ce qui concerne Lausanne, au d\u00e9but on priait \u00e0 la paroisse de Malley, mais apr\u00e8s quelques ann\u00e9es, l&#8217;augmentation du loyer incita\u00a0 l&#8217;ECMSE \u00e0 d\u00e9m\u00e9nager \u00e0 la paroisse de la Croix-d&#8217;Ouchy; une ann\u00e9e apr\u00e8s, \u00e0 cause des travaux de r\u00e9novation de la paroisse, il fut encore n\u00e9cessaire de quitter les lieux\u00a0 et c&#8217;est la paroisse d&#8217;Ecublens qui a accept\u00e9, aujourd&#8217;hui encore, de nous accueillir. Lors des grandes f\u00eates, le culte eut lieu en d&#8217;autres paroisses: Epalinges, St Matthieu, Cully, etc. Il faut noter que le culte n&#8217;a jamais eu lieu en France voisine et que pour ce jubil\u00e9 de la 10\u00e8me anniversaire, c&#8217;est la premi\u00e8re et unique fois qu&#8217;il se tient \u00e0 Neuch\u00e2tel.<\/p>\n<p><strong>Abondante moisson&#8230;<\/strong><br \/>\nDurant ces dix ann\u00e9es, nombreux sont les jeunes qui ont fond\u00e9 un foyer. Nombreux sont les familles qui ont re\u00e7u une b\u00e9n\u00e9diction et ont baptis\u00e9 leurs enfants. Voici donc les noms des enfants qui furent pr\u00e9sent\u00e9s et baptis\u00e9s \u00e0 l&#8217;ECMSE: Zala E. JAONA, Alatsara R. JAONA, Ria-T. JAONA, Andy M. ANDRIANTSOA, Christiane H. RAKOTONARIVO, Eric M. R. RAKOTONARIVO, Mirana RATRIMO, Fidy R. RATRIMO, Rindra RAKOTOMANANA, Michel A. RAZAFIMAHEFA, Nirina C. RAZANAME, Ianja A. ANDRIANARIZAFY, Iandoniaina M. RAZAKASOA, Tina K. RANDRIAMIHARISOA, Maeva ANDRIANTSOA, Julien ANDRIANTSOA, Sitraka RAMANIRAKA, ROBEL GUERRERO Julien Rija, ROBEL GUERRERO Michael Herizo ary Thomas ANDRIAMIHARISOA. Notons qu&#8217;il s&#8217;agit seulement des enfants baptis\u00e9s au cours du culte de l&#8217;ECMSE car d&#8217;autres bapt\u00eames eurent lieu en d&#8217;autres \u00e9glises et en pr\u00e9sence des membres de l&#8217;ECMSE.<\/p>\n<p>Parmi les jeunes, ceux qui ont r\u00e9pondu \u00e0 l&#8217;appel de la foi, vinrent suivre les cours de cat\u00e9chumen. Une fois fini l&#8217;apprentissage, la premi\u00e8re vol\u00e9e fut Mme Olga Rakotonarivo et Mme Donn\u00e9e Rabe. Ensuite, le 8 janvier 1989, septs jeunes furent\u00a0 re\u00e7us comme nouveaux communiants. Ce sont Melles et MM: Sylviane RAKOTONDRAJAO, Hanta RALISON, Lanto RANAIVOSON, Hanitra RASOLONJATOVO, Voahirana RAVEROARIVONY, Wilson ANDRIANARIZAFY et Toky RABEMANANTSOA. La troisi\u00e8me vol\u00e9e c\u00e9l\u00e9br\u00e9e le 16 avril 1995, sont : Solotiana RAJAONASY, Ketaka RASON, Onisoa RAFIDIHARINIRINA, Nirina et Elisa RAMANIRAKA, Sahondra RAMAKAHERISOA et Richard RAJAONARISON. Et actuellement on est d\u00e9j\u00e0 pr\u00eats pour continuer\u00a0 dans cette voie mais c&#8217;est le nombre d&#8217;inscription\u00a0 qui n&#8217;est pas suffisant.<\/p>\n<p><strong>Les participants &#8230;<\/strong><br \/>\nLa participation active et en grand nombre est la cl\u00e9 de la r\u00e9ussite de ces cultes. Certains ont dirrig\u00e9 le culte, d&#8217;autres ont lu les passages bibliques, d&#8217;autres ont pri\u00e9 et d&#8217;autres encore ont pr\u00e9ch\u00e9. Ils sont trop nombreux pour \u00eatre tous cit\u00e9s ici. M\u00eame si l&#8217;Eglise est encore jeune et qu&#8217;elle n&#8217;a pas de pasteur ni de pr\u00eatre attitr\u00e9, ceci n&#8217;emp\u00eacha nullement le bon d\u00e9roulement du calendrier des cultes. De plus, m\u00eame si la majorit\u00e9 \u00e9tait de confession protestante, pendant les grandes f\u00eates comme No\u00ebl, un\u00a0 pr\u00eatre assiste et participe au culte.<\/p>\n<p>En d\u00e9pit de leur emploi du temps souvent charg\u00e9, chacune des personnes suivantes apporta sa contribution pour cette Eglise de Dieu : Past. ANDRIAMANANJO, Past. Th\u00e9odore ANDRIAMANANTENA, M. Ernile JAONA, P\u00e8re BAUMGARTNER, Past. Jean FENOMANANA, Past. Marcel HENRIET, Past. MARINASY, Past. No\u00ebl RABEMANANTSOA, Past. Yvette RABEMILA, Past. Benjamin RABENOROLAHY, Mme la Past. Lilia RAFALIMANANA, Past. Victor RAKOTOARIMANANA, Past. RAKOTOARIVONY, Past. Andrianjatovo RAKOTOHARINTSIFA, M. RAMAHERISON Jonhs, Past. Samuel RAMAROSON, Past. RANDRIAMANGASOA Nahary, Past. Helivao R. RANDRIANASOLO, Past. P\u00e9ri RASOLONDRAIBE, Past. Honor\u00e9 RATOLOJANAHARY, M. RATSIRAHONANA Norbert, Mme la Past. RAZAFIARIMALALA Bebinirina, Pasteur RAZAFIMAHEFA, Past. Justin RAZANAMAHEFA, Past. RAZAFIDRATSIMBA, Past. Adrienne ROBIVELO, Past. Djacoba T., Past. TOTOAVY. Le s\u00e9cr\u00e9taire\u00a0 vous prie de l&#8217;excuser en cas d&#8217;oubli. Un grand merci \u00e0 tous pour votre soutien et que le Christ notre Seigneur vous prot\u00e8ge pour la charge qu&#8217;Il vous a confi\u00e9.<\/p>\n<p><strong>Les membres du comit\u00e9<\/strong><br \/>\nSi cette Eglise c\u00e9l\u00e9bre sa 10-\u00e8me anniversaire aujourd&#8217;hui, c&#8217;est gr\u00e2ce \u00e0 Dieu qui l&#8217;a maintenu de sa poigne ferme. L&#8217;ECMSE a son comit\u00e9 dont la t\u00e2che consiste \u00e0 coordonner, arranger le d\u00e9roulement de chaque culte ( r\u00e9servation de locaux, pr\u00e9paration du programme, recherche des officiants, etc&#8230;) Voici ceux et celles qui ont apport\u00e9 leur contribution: M. Manitra ANDRIAHARIFARA. M. et Mme L\u00e9on ANDRIAMASY, M. Zafindriaka ARINTSOA, M. et Mme A. EGGIMAN, M. et Mme Emile JAONA, Mme Donn\u00e9e RABE, M. le Pasteur et Mme No\u00ebl RABEMANANTSOA, M. et Mme Nadimalala RABETSIMIALONA, M. et Mme Olivier RAFAHELIMANANA, M. et Mme Aim\u00e9e RAHARISON,\u00a0 Melle Lila RAHALISON, Mme Norosoa RAHARIMALALA, Mme Voahirana RAHARINIRINA, M. et Mme Guy RAKOTOARIJAONINA, M. le Pasteur Andrianjatovo RAKOTOHARINTSIFA, M. et Mme Lalao RAKOTOMANANA, M. et Mme Mamy RAKOTONARIVO, M. et Mme Herijao RANDRETSANILO, M. et Mme Alex RANDRIAMIHARISOA mivady, M. et Mme Jean-Ren\u00e9 RANDRIASAMIMANANA, Melle Hanitriniaina RASOLONJATOVO, M. et Mme Daniel RAVALITERA, M. et Mme Gladys RAVELOSON, M. et Mme Abdon RAZAFIMAHEFA, M. et Mme Augustin RAZAFINDRAIBE, M. le Pasteur et Mme Justin RAZANAMAHEFA, M. et Mme Hery RAZAKASOA, M. et Mme Blaise ROBEL, Mme la Pasteure Adrienne ROBIVELO, Mme Lantoniaina ROBIVELO, M.\u00a0\u00a0 L\u00e9on SOLONIAINA, M. Liva T.<\/p>\n<p><strong>Projets<\/strong><br \/>\nL&#8217;ECMSE participe aussi \u00e0 des oeuvres d&#8217;entr&#8217;aide pour Madagascar. Gr\u00e2ce \u00e0 vos dons voici ce qui a d\u00e9j\u00e0 \u00e9t\u00e9 fait \u00e0 ce jour :<\/p>\n<ul>\n<li>Bourse pour les \u00e9tudiants en th\u00e9ologie de Fianarantsoa,<\/li>\n<li>Achat de nourriture (pendant 9 mois) pour les l\u00e9preux \u00e0 Moramanga,<\/li>\n<li>Achat de couvertures pour les sinistr\u00e9s de Moramanga lors du passage du cyclone G\u00e9ralda,<\/li>\n<li>Envoi de m\u00e9dicaments pour les trois coll\u00e8ges th\u00e9ologiques (Fianarantsoa, Ivato, Mandritsara),<\/li>\n<li>Achat et distribution de nourriture dans le sud pour les victimes de ls s\u00e9cheresse,<\/li>\n<li>R\u00e9novation des murs et du toit de l&#8217;\u00e9cole FJKM \u00e0 Mahitsy d\u00e9truits par le cyclone Gr\u00e9telle,<\/li>\n<li>Participation \u00e0 la cr\u00e9ation d&#8217;un centre d&#8217;\u00e9veil spirituel (toby-pifohazana) \u00e0 Di\u00e9go,<\/li>\n<li>Prise en charge d&#8217;une maison d&#8217;habitation pour le centre\u00a0 Asa Lazara d&#8217;Ambatolampy (&#8220;r\u00e9insertion sociale en milieu rural des sans abris 4MI de Tananarive&#8221;).<\/li>\n<\/ul>\n<p>Et comme l&#8217;ECMSE ne veut pas d\u00e9vier de ces bonnes r\u00e9solutions, tous les b\u00e9n\u00e9fices de ce 10\u00e8me anniversaire seront destin\u00e9s enti\u00e8rement \u00e0 une aide \u00e0 Madagascar, qui sera le t\u00e9moignage durable de ce jubil\u00e9.<\/p>\n<p style=\"text-align: right;\"><em>ARINTSOA Zafindriaka, novembre 1996<\/em><\/p>\n","protected":false},"excerpt":{"rendered":"<p>Lorsqu&#8217;on m&#8217;a demand\u00e9 de r\u00e9sumer l&#8217;histoire de cette \u00e9glise, j&#8217;\u00e9tais confront\u00e9 aux probl\u00e8mes classiques des historiens : \u00e0 savoir les archives. Les documents concernant l&#8217;\u00e9glise sont\u00a0 vraiment rares et de plus les personnes qui ont fond\u00e9 l&#8217;\u00e9glise ont presque tous quitt\u00e9 la Suisse. Etant moi-m\u00eame t\u00e9moin des d\u00e9buts de l&#8217;ECMSE, voici son historique, \u00e0 l&#8217;aide [&hellip;]<\/p>\n","protected":false},"author":1,"featured_media":0,"parent":1133,"menu_order":0,"comment_status":"closed","ping_status":"open","template":"","meta":{"footnotes":""},"class_list":["post-1129","page","type-page","status-publish","hentry","ctfw-no-image"],"_links":{"self":[{"href":"https:\/\/www.fkmsm.ch\/labo\/wordpress\/wp-json\/wp\/v2\/pages\/1129","targetHints":{"allow":["GET"]}}],"collection":[{"href":"https:\/\/www.fkmsm.ch\/labo\/wordpress\/wp-json\/wp\/v2\/pages"}],"about":[{"href":"https:\/\/www.fkmsm.ch\/labo\/wordpress\/wp-json\/wp\/v2\/types\/page"}],"author":[{"embeddable":true,"href":"https:\/\/www.fkmsm.ch\/labo\/wordpress\/wp-json\/wp\/v2\/users\/1"}],"replies":[{"embeddable":true,"href":"https:\/\/www.fkmsm.ch\/labo\/wordpress\/wp-json\/wp\/v2\/comments?post=1129"}],"version-history":[{"count":4,"href":"https:\/\/www.fkmsm.ch\/labo\/wordpress\/wp-json\/wp\/v2\/pages\/1129\/revisions"}],"predecessor-version":[{"id":2544,"href":"https:\/\/www.fkmsm.ch\/labo\/wordpress\/wp-json\/wp\/v2\/pages\/1129\/revisions\/2544"}],"up":[{"embeddable":true,"href":"https:\/\/www.fkmsm.ch\/labo\/wordpress\/wp-json\/wp\/v2\/pages\/1133"}],"wp:attachment":[{"href":"https:\/\/www.fkmsm.ch\/labo\/wordpress\/wp-json\/wp\/v2\/media?parent=1129"}],"curies":[{"name":"wp","href":"https:\/\/api.w.org\/{rel}","templated":true}]}}