{"id":1100,"date":"2014-03-08T00:29:32","date_gmt":"2014-03-07T23:29:32","guid":{"rendered":"http:\/\/www.fkmsm.ch\/labo\/wordpress\/?page_id=1100"},"modified":"2023-03-10T15:22:50","modified_gmt":"2023-03-10T14:22:50","slug":"vaomiera","status":"publish","type":"page","link":"https:\/\/www.fkmsm.ch\/labo\/wordpress\/vaomiera","title":{"rendered":"Commissions"},"content":{"rendered":"\n<p>NY VAOMIERA<\/p>\n\n\n\n<figure class=\"wp-block-table\"><table><tbody><tr><td>Finoana na  Fafisoa | Foi na commission \u0153cum\u00e9nique<\/td><td>Lausanne: Hubert R. ; <br>Gen\u00e8ve Lalao C.<\/td><td>finoana@fkmsm.ch<\/td><\/tr><tr><td>Sosialy | Sociale<\/td><td><\/td><td>sosaly@fkmsm.ch<\/td><\/tr><tr><td>Teknika | Technique<\/td><td><\/td><td>teknika@fkmsm.ch<\/td><\/tr><tr><td>Tetik&#8217;asa | Projets<\/td><td><\/td><td>projet@fkmsm.ch<\/td><\/tr><\/tbody><\/table><\/figure>\n\n\n\n<p><\/p>\n","protected":false},"excerpt":{"rendered":"<p>NY VAOMIERA Finoana na Fafisoa | Foi na commission \u0153cum\u00e9nique Lausanne: Hubert R. ; Gen\u00e8ve Lalao C. finoana@fkmsm.ch Sosialy | Sociale sosaly@fkmsm.ch Teknika | Technique teknika@fkmsm.ch Tetik&#8217;asa | Projets projet@fkmsm.ch<\/p>\n","protected":false},"author":1,"featured_media":0,"parent":0,"menu_order":0,"comment_status":"closed","ping_status":"closed","template":"","meta":{"footnotes":""},"class_list":["post-1100","page","type-page","status-publish","hentry","ctfw-no-image"],"_links":{"self":[{"href":"https:\/\/www.fkmsm.ch\/labo\/wordpress\/wp-json\/wp\/v2\/pages\/1100","targetHints":{"allow":["GET"]}}],"collection":[{"href":"https:\/\/www.fkmsm.ch\/labo\/wordpress\/wp-json\/wp\/v2\/pages"}],"about":[{"href":"https:\/\/www.fkmsm.ch\/labo\/wordpress\/wp-json\/wp\/v2\/types\/page"}],"author":[{"embeddable":true,"href":"https:\/\/www.fkmsm.ch\/labo\/wordpress\/wp-json\/wp\/v2\/users\/1"}],"replies":[{"embeddable":true,"href":"https:\/\/www.fkmsm.ch\/labo\/wordpress\/wp-json\/wp\/v2\/comments?post=1100"}],"version-history":[{"count":3,"href":"https:\/\/www.fkmsm.ch\/labo\/wordpress\/wp-json\/wp\/v2\/pages\/1100\/revisions"}],"predecessor-version":[{"id":2625,"href":"https:\/\/www.fkmsm.ch\/labo\/wordpress\/wp-json\/wp\/v2\/pages\/1100\/revisions\/2625"}],"wp:attachment":[{"href":"https:\/\/www.fkmsm.ch\/labo\/wordpress\/wp-json\/wp\/v2\/media?parent=1100"}],"curies":[{"name":"wp","href":"https:\/\/api.w.org\/{rel}","templated":true}]}}