{"id":1133,"date":"2014-03-08T12:15:43","date_gmt":"2014-03-08T11:15:43","guid":{"rendered":"http:\/\/www.fkmsm.ch\/labo\/wordpress\/?page_id=1133"},"modified":"2014-04-24T18:45:38","modified_gmt":"2014-04-24T17:45:38","slug":"la-fkmsm","status":"publish","type":"page","link":"http:\/\/www.fkmsm.ch\/labo\/wordpress\/la-fkmsm","title":{"rendered":"La FKMSM"},"content":{"rendered":"<div id=\"resurrect-intro-content\">\n<p style=\"text-align: center;\"><strong>\u00ab Celui qui demeure en moi, et moi en lui, produira beaucoup de fruits. \u00bb (Jean 15:5b)<\/strong><\/p>\n<p>La Communaut\u00e9 Chr\u00e9tienne Malgache en Suisse et aux Environs ou <em>Fiangonana Kristiana Malagasy eto Soisy sy ny Manodidina<\/em> (FKMSM) fut cr\u00e9\u00e9e en 1985. Elle a pour but de rassembler les chr\u00e9tiens pour c\u00e9l\u00e9brer des cultes \u0153cum\u00e9niques selon l\u2019\u00e9pitre aux \u00c9ph\u00e9siens 4:4-7.<\/p>\n<p style=\"text-align: center;\"><strong><i>\u00ab Votre vocation vous a appel\u00e9 \u00e0 une seule ESP\u00c9RANCE,<br \/>\nun seul SEIGNEUR, une seule FOI, un seul BAPT\u00caME,<br \/>\nun seul DIEU et P\u00e8re de tous, qui r\u00e8gne sur tous,<br \/>\nagit par tous, et demeure en tous \u00bb<\/i><\/strong><\/p>\n<\/div>\n","protected":false},"excerpt":{"rendered":"<p>\u00ab Celui qui demeure en moi, et moi en lui, produira beaucoup de fruits. \u00bb (Jean 15:5b) La Communaut\u00e9 Chr\u00e9tienne Malgache en Suisse et aux Environs ou Fiangonana Kristiana Malagasy eto Soisy sy ny Manodidina (FKMSM) fut cr\u00e9\u00e9e en 1985. Elle a pour but de rassembler les chr\u00e9tiens pour c\u00e9l\u00e9brer des cultes \u0153cum\u00e9niques selon l\u2019\u00e9pitre [&hellip;]<\/p>\n","protected":false},"author":1,"featured_media":0,"parent":0,"menu_order":0,"comment_status":"closed","ping_status":"open","template":"","meta":{"footnotes":""},"class_list":["post-1133","page","type-page","status-publish","hentry","ctfw-no-image"],"_links":{"self":[{"href":"http:\/\/www.fkmsm.ch\/labo\/wordpress\/wp-json\/wp\/v2\/pages\/1133","targetHints":{"allow":["GET"]}}],"collection":[{"href":"http:\/\/www.fkmsm.ch\/labo\/wordpress\/wp-json\/wp\/v2\/pages"}],"about":[{"href":"http:\/\/www.fkmsm.ch\/labo\/wordpress\/wp-json\/wp\/v2\/types\/page"}],"author":[{"embeddable":true,"href":"http:\/\/www.fkmsm.ch\/labo\/wordpress\/wp-json\/wp\/v2\/users\/1"}],"replies":[{"embeddable":true,"href":"http:\/\/www.fkmsm.ch\/labo\/wordpress\/wp-json\/wp\/v2\/comments?post=1133"}],"version-history":[{"count":3,"href":"http:\/\/www.fkmsm.ch\/labo\/wordpress\/wp-json\/wp\/v2\/pages\/1133\/revisions"}],"predecessor-version":[{"id":1274,"href":"http:\/\/www.fkmsm.ch\/labo\/wordpress\/wp-json\/wp\/v2\/pages\/1133\/revisions\/1274"}],"wp:attachment":[{"href":"http:\/\/www.fkmsm.ch\/labo\/wordpress\/wp-json\/wp\/v2\/media?parent=1133"}],"curies":[{"name":"wp","href":"https:\/\/api.w.org\/{rel}","templated":true}]}}